{"id":914,"date":"2015-04-23T08:59:21","date_gmt":"2015-04-23T05:59:21","guid":{"rendered":"https:\/\/www.africancare.fi\/?post_type=product&#038;p=914"},"modified":"2025-12-05T17:18:12","modified_gmt":"2025-12-05T15:18:12","slug":"turvallinen_synnytys","status":"publish","type":"product","link":"https:\/\/www.africancare.fi\/en\/aineeton_lahja\/turvallinen_synnytys\/","title":{"rendered":"Turvallinen synnytys"},"content":{"rendered":"","protected":false},"excerpt":{"rendered":"<p>Pitkittynyt konflikti on vaikuttanut terveyspalveluiden kehitykseen Somaliassa ja maa on yksi maailman vaarallisimmista paikoista tulla \u00e4idiksi. Arvioiden mukaan vain 32% synnytyksist\u00e4 tapahtuu koulutettujen terveysalan ammattilaisten tukemana.<\/p>\n<p>Synnytysturvallisuus edellytt\u00e4\u00e4 klinikoita, jotka takaavat my\u00f6s v\u00e4h\u00e4varaisille naisille raskausajan palveluita, k\u00e4til\u00f6n avustamaan synnytyksess\u00e4 sek\u00e4 tukea my\u00f6s synnytyksen j\u00e4lkeen..<\/p>\n<p>Turvallinen synnytys -lahjan avulla edist\u00e4t konfliktialueella toimivien terveysalan ammattilaisten tekem\u00e4\u00e4 ty\u00f6t\u00e4 ja kyl\u00e4k\u00e4til\u00f6iden p\u00e4\u00e4sy\u00e4 lis\u00e4koulutuksiin. Lahjoituksesi avulla voimme jatkaa synnytysklinikan  ilmaista neuvolatoimintaa ja silpomisen vastaista ty\u00f6t\u00e4 Etel\u00e4-Somaliassa Afgoyen alueella. <\/p>\n","protected":false},"featured_media":7907,"template":"","meta":{"_acf_changed":false},"product_brand":[],"product_cat":[19],"product_tag":[],"class_list":{"0":"post-914","1":"product","2":"type-product","3":"status-publish","4":"has-post-thumbnail","6":"product_cat-kehitysyhteistyo","8":"first","9":"instock","10":"downloadable","11":"virtual","12":"purchasable","13":"product-type-simple"},"acf":[],"_links":{"self":[{"href":"https:\/\/www.africancare.fi\/en\/wp-json\/wp\/v2\/product\/914","targetHints":{"allow":["GET"]}}],"collection":[{"href":"https:\/\/www.africancare.fi\/en\/wp-json\/wp\/v2\/product"}],"about":[{"href":"https:\/\/www.africancare.fi\/en\/wp-json\/wp\/v2\/types\/product"}],"wp:featuredmedia":[{"embeddable":true,"href":"https:\/\/www.africancare.fi\/en\/wp-json\/wp\/v2\/media\/7907"}],"wp:attachment":[{"href":"https:\/\/www.africancare.fi\/en\/wp-json\/wp\/v2\/media?parent=914"}],"wp:term":[{"taxonomy":"product_brand","embeddable":true,"href":"https:\/\/www.africancare.fi\/en\/wp-json\/wp\/v2\/product_brand?post=914"},{"taxonomy":"product_cat","embeddable":true,"href":"https:\/\/www.africancare.fi\/en\/wp-json\/wp\/v2\/product_cat?post=914"},{"taxonomy":"product_tag","embeddable":true,"href":"https:\/\/www.africancare.fi\/en\/wp-json\/wp\/v2\/product_tag?post=914"}],"curies":[{"name":"wp","href":"https:\/\/api.w.org\/{rel}","templated":true}]}}