{"id":898,"date":"2015-04-22T14:49:22","date_gmt":"2015-04-22T11:49:22","guid":{"rendered":"https:\/\/www.africancare.fi\/?post_type=product&#038;p=898"},"modified":"2025-12-05T19:03:47","modified_gmt":"2025-12-05T17:03:47","slug":"hyttysverkko-aidille-ja-vastasyntyneelle","status":"publish","type":"product","link":"https:\/\/www.africancare.fi\/en\/aineeton_lahja\/hyttysverkko-aidille-ja-vastasyntyneelle\/","title":{"rendered":"Hyttysverkko"},"content":{"rendered":"","protected":false},"excerpt":{"rendered":"<p>Malariatartunta on erityisen vaarallinen vastasyntyneelle lapselle. Malariaa levitt\u00e4v\u00e4t hyttyset liikkuvat eteenkin \u00f6isin, joten s\u00e4ngyn yl\u00e4puolelle kiinnitett\u00e4v\u00e4 verkko est\u00e4\u00e4 tartunnan tehokkaasti.<\/p>\n<p>Lahjoituksellasi tuet hyttysverkkojen jakoa \u00e4idille ja h\u00e4nen vastasyntyneelle lapselleen Somalian Afgoin synnytysklinikalla.<\/p>\n","protected":false},"featured_media":6656,"template":"","meta":{"_acf_changed":false},"product_brand":[],"product_cat":[19],"product_tag":[],"class_list":{"0":"post-898","1":"product","2":"type-product","3":"status-publish","4":"has-post-thumbnail","6":"product_cat-kehitysyhteistyo","8":"first","9":"instock","10":"downloadable","11":"virtual","12":"purchasable","13":"product-type-simple"},"acf":[],"_links":{"self":[{"href":"https:\/\/www.africancare.fi\/en\/wp-json\/wp\/v2\/product\/898","targetHints":{"allow":["GET"]}}],"collection":[{"href":"https:\/\/www.africancare.fi\/en\/wp-json\/wp\/v2\/product"}],"about":[{"href":"https:\/\/www.africancare.fi\/en\/wp-json\/wp\/v2\/types\/product"}],"wp:featuredmedia":[{"embeddable":true,"href":"https:\/\/www.africancare.fi\/en\/wp-json\/wp\/v2\/media\/6656"}],"wp:attachment":[{"href":"https:\/\/www.africancare.fi\/en\/wp-json\/wp\/v2\/media?parent=898"}],"wp:term":[{"taxonomy":"product_brand","embeddable":true,"href":"https:\/\/www.africancare.fi\/en\/wp-json\/wp\/v2\/product_brand?post=898"},{"taxonomy":"product_cat","embeddable":true,"href":"https:\/\/www.africancare.fi\/en\/wp-json\/wp\/v2\/product_cat?post=898"},{"taxonomy":"product_tag","embeddable":true,"href":"https:\/\/www.africancare.fi\/en\/wp-json\/wp\/v2\/product_tag?post=898"}],"curies":[{"name":"wp","href":"https:\/\/api.w.org\/{rel}","templated":true}]}}