{"id":4594,"date":"2019-10-31T09:06:38","date_gmt":"2019-10-31T07:06:38","guid":{"rendered":"https:\/\/www.africancare.fi\/?post_type=product&#038;p=4594"},"modified":"2026-03-24T14:41:28","modified_gmt":"2026-03-24T12:41:28","slug":"rautavalmiste-puoleksi-vuodeksi","status":"publish","type":"product","link":"https:\/\/www.africancare.fi\/en\/aineeton_lahja\/rautavalmiste-puoleksi-vuodeksi\/","title":{"rendered":"Rautavalmiste klinikalle &#8211; Rajaton Farmasia"},"content":{"rendered":"","protected":false},"excerpt":{"rendered":"<p>Arvioiden mukaan puolet somalialaisista naisista k\u00e4rsii anemiasta. Riitt\u00e4v\u00e4 raudan saanti on erityisen t\u00e4rke\u00e4\u00e4 raskauden aikana ja synnytyksen j\u00e4lkeen. Anemia voi aiheuttaa uupumusta, voimattomuutta, p\u00e4\u00e4ns\u00e4rky\u00e4 ja korkeaa sykett\u00e4.<\/p>\n<p>Afgoin synnytysklinikalla on huomattu, ett\u00e4 monet naiset k\u00e4rsiv\u00e4t anemiasta, mutta rautapitoista ruokaa tai hyv\u00e4laatuisia rautavalmisteita on vaikea saada ja ne ovat kalliita.<\/p>\n<p>Rautapaketin avulla yksi synnytysklinikan nainen saa puolen vuoden laadukkaat rautavalmisteet. Puolen vuoden kuurin aikana anemia korjaantuu ja kehon rautavarastot t\u00e4yttyv\u00e4t.<\/p>\n<p>Rautakampanja toteutetaan yhteisty\u00f6ss\u00e4 <a href=\"https:\/\/www.rajatonfarmasia.fi\/\">Rajaton Farmasia Suomi<\/a> -j\u00e4rjest\u00f6n ja <a href=\"https:\/\/www.orion.fi\/\">Orionin<\/a> kanssa. Ostamalla\u00a0 l\u00e4heisellesi Rautavalmisteen klinikalle tuet naisten terveytt\u00e4 Somaliassa ja annat lahjan, jolla on kauaskantoiset vaikutukset. Ostettuasi aineettoman lahjan saat s\u00e4hk\u00f6postiisi kortin, jonka voit l\u00e4hett\u00e4\u00e4 eteenp\u00e4in tai tulostaa lahjan saajalle.<\/p>\n","protected":false},"featured_media":8353,"template":"","meta":{"_acf_changed":false},"product_brand":[],"product_cat":[19],"product_tag":[],"class_list":{"0":"post-4594","1":"product","2":"type-product","3":"status-publish","4":"has-post-thumbnail","6":"product_cat-kehitysyhteistyo","8":"first","9":"instock","10":"downloadable","11":"virtual","12":"purchasable","13":"product-type-simple"},"acf":[],"_links":{"self":[{"href":"https:\/\/www.africancare.fi\/en\/wp-json\/wp\/v2\/product\/4594","targetHints":{"allow":["GET"]}}],"collection":[{"href":"https:\/\/www.africancare.fi\/en\/wp-json\/wp\/v2\/product"}],"about":[{"href":"https:\/\/www.africancare.fi\/en\/wp-json\/wp\/v2\/types\/product"}],"wp:featuredmedia":[{"embeddable":true,"href":"https:\/\/www.africancare.fi\/en\/wp-json\/wp\/v2\/media\/8353"}],"wp:attachment":[{"href":"https:\/\/www.africancare.fi\/en\/wp-json\/wp\/v2\/media?parent=4594"}],"wp:term":[{"taxonomy":"product_brand","embeddable":true,"href":"https:\/\/www.africancare.fi\/en\/wp-json\/wp\/v2\/product_brand?post=4594"},{"taxonomy":"product_cat","embeddable":true,"href":"https:\/\/www.africancare.fi\/en\/wp-json\/wp\/v2\/product_cat?post=4594"},{"taxonomy":"product_tag","embeddable":true,"href":"https:\/\/www.africancare.fi\/en\/wp-json\/wp\/v2\/product_tag?post=4594"}],"curies":[{"name":"wp","href":"https:\/\/api.w.org\/{rel}","templated":true}]}}