{"id":121,"date":"2014-11-29T17:51:10","date_gmt":"2014-11-29T15:51:10","guid":{"rendered":"https:\/\/www.africancare.fi\/site\/?post_type=product&#038;p=121"},"modified":"2025-12-05T17:23:23","modified_gmt":"2025-12-05T15:23:23","slug":"aitiyspakkaus","status":"publish","type":"product","link":"https:\/\/www.africancare.fi\/en\/aineeton_lahja\/aitiyspakkaus\/","title":{"rendered":"\u00c4itiyspakkaus"},"content":{"rendered":"","protected":false},"excerpt":{"rendered":"<p>\u00c4itiyspakkaus todelliseen tarpeeseen!<\/p>\n<p>Lahjoituksesi ansiosta yksi v\u00e4h\u00e4varainen nainen saa Afgoin synnytysklinikalta mukaansa pakkauksen, joka sis\u00e4lt\u00e4\u00e4 hygieniatarvikkeita, hyttysverkon, l\u00e4mpim\u00e4n neulevaatteen lapselle ja pitk\u00e4n mekon \u00e4idille.<\/p>\n","protected":false},"featured_media":5211,"template":"","meta":{"_acf_changed":false},"product_brand":[],"product_cat":[19],"product_tag":[],"class_list":{"0":"post-121","1":"product","2":"type-product","3":"status-publish","4":"has-post-thumbnail","6":"product_cat-kehitysyhteistyo","8":"first","9":"instock","10":"downloadable","11":"virtual","12":"purchasable","13":"product-type-simple"},"acf":[],"_links":{"self":[{"href":"https:\/\/www.africancare.fi\/en\/wp-json\/wp\/v2\/product\/121","targetHints":{"allow":["GET"]}}],"collection":[{"href":"https:\/\/www.africancare.fi\/en\/wp-json\/wp\/v2\/product"}],"about":[{"href":"https:\/\/www.africancare.fi\/en\/wp-json\/wp\/v2\/types\/product"}],"wp:featuredmedia":[{"embeddable":true,"href":"https:\/\/www.africancare.fi\/en\/wp-json\/wp\/v2\/media\/5211"}],"wp:attachment":[{"href":"https:\/\/www.africancare.fi\/en\/wp-json\/wp\/v2\/media?parent=121"}],"wp:term":[{"taxonomy":"product_brand","embeddable":true,"href":"https:\/\/www.africancare.fi\/en\/wp-json\/wp\/v2\/product_brand?post=121"},{"taxonomy":"product_cat","embeddable":true,"href":"https:\/\/www.africancare.fi\/en\/wp-json\/wp\/v2\/product_cat?post=121"},{"taxonomy":"product_tag","embeddable":true,"href":"https:\/\/www.africancare.fi\/en\/wp-json\/wp\/v2\/product_tag?post=121"}],"curies":[{"name":"wp","href":"https:\/\/api.w.org\/{rel}","templated":true}]}}