{"id":797,"date":"2015-03-13T12:02:55","date_gmt":"2015-03-13T10:02:55","guid":{"rendered":"https:\/\/www.africancare.fi\/?page_id=797"},"modified":"2025-03-07T15:12:29","modified_gmt":"2025-03-07T13:12:29","slug":"publications","status":"publish","type":"page","link":"https:\/\/www.africancare.fi\/en\/publications\/","title":{"rendered":"Publications"},"content":{"rendered":"<h1><span style=\"color: #b2cb00;\">Publications in English<\/span><\/h1>\n\n\n<div class=\"wp-block-media-text is-stacked-on-mobile\" style=\"grid-template-columns:20% auto\"><figure class=\"wp-block-media-text__media\"><img loading=\"lazy\" decoding=\"async\" width=\"547\" height=\"502\" src=\"https:\/\/www.africancare.fi\/wp-content\/uploads\/2024\/08\/Nayttokuva-2024-08-01-110914.png\" alt=\"Kuvituskuva\" class=\"wp-image-7610 size-full\" srcset=\"https:\/\/www.africancare.fi\/wp-content\/uploads\/2024\/08\/Nayttokuva-2024-08-01-110914.png 547w, https:\/\/www.africancare.fi\/wp-content\/uploads\/2024\/08\/Nayttokuva-2024-08-01-110914-490x450.png 490w, https:\/\/www.africancare.fi\/wp-content\/uploads\/2024\/08\/Nayttokuva-2024-08-01-110914-450x413.png 450w\" sizes=\"auto, (max-width: 547px) 100vw, 547px\" \/><\/figure><div class=\"wp-block-media-text__content\">\n<p><a href=\"https:\/\/www.africancare.fi\/wp-content\/uploads\/2014\/12\/SayNoToFGM_ENG.pdf\">Say no to FGM <\/a>(2012)<\/p>\n\n\n\n<p>The purpose of this publication is&nbsp;to provide information about female&nbsp;genital mutilation&nbsp;to communities in which it is still being&nbsp;conducted due to incorrect information.&nbsp;The publication is intended as a tool for the liaison officers, as&nbsp;they discuss and provide guidance to their members in order to&nbsp;change their attitudes towards new and correct information. Attitudes&nbsp;and false beliefs are strong, and change needs to come&nbsp;from the inside.&nbsp;This publication&nbsp;is also a useful tool for social and health care&nbsp;professionals who work with circumcised girls and women.<\/p>\n\n\n\n<p>The publication is available in four languages:<\/p>\n\n\n\n<ul class=\"wp-block-list\">\n<li><a href=\"https:\/\/www.africancare.fi\/wp-content\/uploads\/2014\/12\/SayNoToFGM_ENG.pdf\">Say No To FGM! <\/a>(English)<\/li>\n\n\n\n<li><a href=\"https:\/\/www.africancare.fi\/wp-content\/uploads\/2014\/12\/SayNoToFGM_SOM.pdf\">Say No To FGM! <\/a>(Somali)<\/li>\n\n\n\n<li><a href=\"https:\/\/www.africancare.fi\/wp-content\/uploads\/2014\/12\/FGM_kirjanen_SUOMI.pdf\">Say No To FGM! <\/a>(Finnish)<\/li>\n\n\n\n<li><a href=\"https:\/\/www.africancare.fi\/wp-content\/uploads\/2014\/12\/SayNoToFGM_ARABIC.pdf\">Say No To FGM!<\/a> (Arabic)<\/li>\n<\/ul>\n<\/div><\/div>\n\n\n\n<div class=\"wp-block-group\"><div class=\"wp-block-group__inner-container is-layout-constrained wp-block-group-is-layout-constrained\">\n<h2 class=\"wp-block-heading\">Publications in Finnish<\/h2>\n<\/div><\/div>\n\n\n\n<ul class=\"wp-block-list\">\n<li>Studies, career and family in a new country -mapping (<a href=\"https:\/\/www.africancare.fi\/wp-content\/uploads\/2023\/11\/Opinnot-ura-ja-perhe-AfricanCare.pdf\" target=\"_blank\" rel=\"noreferrer noopener\">Opinnot, ura ja perhe uudessa kortimaassa kartoitus (2023)<\/a><\/li>\n\n\n\n<li>Anti-mutilation action material package (<a href=\"https:\/\/www.africancare.fi\/wp-content\/uploads\/2021\/08\/STOP_FGM_2021.pdf\">Silpomisen vastaisen toiminnan materiaalipaketti (2021)<\/a><\/li>\n\n\n\n<li>Use of iron &#8211; guide (<a href=\"https:\/\/www.africancare.fi\/wp-content\/uploads\/2020\/03\/Raudan_k%C3%A4yt%C3%B6n_opas_suomeksi.pdf\">Raudan k\u00e4yt\u00f6n opas (2020)<\/a><\/li>\n\n\n\n<li>Mutilation awareness -card (<a href=\"https:\/\/www.africancare.fi\/wp-content\/uploads\/2019\/11\/Silpomisen-puheeksioton-kortti.pdf\" target=\"_blank\" rel=\"noreferrer noopener\">Silpomisen puheeksioton kortti (2020)<\/a><\/li>\n\n\n\n<li>On the trail of power &#8211; A methodological guide and information package for secondary school teachers on global power structures (<a href=\"https:\/\/www.africancare.fi\/wp-content\/uploads\/2019\/01\/Vallan_j%C3%A4ljill%C3%A4_Teht%C3%A4vien_materiaali.pdf\" target=\"_blank\" rel=\"noreferrer noopener\">Vallan j\u00e4ljill\u00e4 \u2013 Menetelm\u00e4opas ja tietopaketti toisen asteen opettajille globaaleista valtarakenteista (2019)<\/a><\/li>\n\n\n\n<li>Joy, Inclusion and Wellbeing &#8211; An action model for group activities focusing on wellbeing-related service guidance for immigrants (<a href=\"https:\/\/www.africancare.fi\/wp-content\/uploads\/2018\/06\/HyvinvointihankkeenJulkaisu.pdf\" target=\"_blank\" rel=\"noreferrer noopener\">Iloa, osallisuutta ja hyvinvointia \u2013 Toimintamalli hyvinvointiaiheiseen palveluohjaukseen keskittyv\u00e4\u00e4n ryhm\u00e4toimintaan maahan muuttaneille (2018)<\/a><\/li>\n\n\n\n<li>Workshop material for immigrant peer groups (<a href=\"https:\/\/www.africancare.fi\/wp-content\/uploads\/2024\/07\/Yhteiskunnallinen-vaikuttaminenmateriaali-1.pdf\">Ty\u00f6pajamateriaali\u00a0maahanmuuttajien\u00a0vertaisryhmiin<\/a>\u00a0(2017)<\/li>\n\n\n\n<li>Computer guide (<a href=\"https:\/\/www.africancare.fi\/wp-content\/uploads\/2014\/11\/African_Care_Tietokoneopas.pdf\">Tietokoneopas<\/a>\u00a0(2016)<\/li>\n\n\n\n<li>Women influencers in developing countries (<a href=\"https:\/\/www.africancare.fi\/wp-content\/uploads\/2016\/01\/Kehitysmaiden_naisvaikuttajat-juliste.pdf\">Kehitysmaiden naisvaikuttajat<\/a>\u00a0(2015)<\/li>\n\n\n\n<li>Conflicts of honour as a global development issue and in everyday life in Finnish schools (<a href=\"https:\/\/www.africancare.fi\/wp-content\/uploads\/2014\/12\/Kunniakonfliktit_globaalina_kehityskysymyksena_ja_suomalaisten_koulujen_arjessa.pdf\">Kunniakonfliktit globaalina kehityskysymyksen\u00e4 ja suomalaisten koulujen arjessa<\/a><strong>\u00a0<\/strong>(2013)<\/li>\n\n\n\n<li>Haweenka! \u2013 The forgotten voices of Somalia (<a href=\"https:\/\/www.africancare.fi\/wp-content\/uploads\/2014\/12\/HAWEENKA-Somalian-unohdetut-aanet.pdf\">Haweenka! \u2013 Somalian unohdetut \u00e4\u00e4net<\/a><strong>\u00a0<\/strong>(2013)<\/li>\n<\/ul>\n","protected":false},"excerpt":{"rendered":"<p>Publications in English Publications in Finnish<\/p>\n","protected":false},"author":2,"featured_media":7515,"parent":0,"menu_order":0,"comment_status":"closed","ping_status":"closed","template":"","meta":{"_acf_changed":false,"footnotes":""},"class_list":["post-797","page","type-page","status-publish","has-post-thumbnail","hentry"],"acf":[],"_links":{"self":[{"href":"https:\/\/www.africancare.fi\/en\/wp-json\/wp\/v2\/pages\/797","targetHints":{"allow":["GET"]}}],"collection":[{"href":"https:\/\/www.africancare.fi\/en\/wp-json\/wp\/v2\/pages"}],"about":[{"href":"https:\/\/www.africancare.fi\/en\/wp-json\/wp\/v2\/types\/page"}],"author":[{"embeddable":true,"href":"https:\/\/www.africancare.fi\/en\/wp-json\/wp\/v2\/users\/2"}],"replies":[{"embeddable":true,"href":"https:\/\/www.africancare.fi\/en\/wp-json\/wp\/v2\/comments?post=797"}],"version-history":[{"count":2,"href":"https:\/\/www.africancare.fi\/en\/wp-json\/wp\/v2\/pages\/797\/revisions"}],"predecessor-version":[{"id":8126,"href":"https:\/\/www.africancare.fi\/en\/wp-json\/wp\/v2\/pages\/797\/revisions\/8126"}],"wp:featuredmedia":[{"embeddable":true,"href":"https:\/\/www.africancare.fi\/en\/wp-json\/wp\/v2\/media\/7515"}],"wp:attachment":[{"href":"https:\/\/www.africancare.fi\/en\/wp-json\/wp\/v2\/media?parent=797"}],"curies":[{"name":"wp","href":"https:\/\/api.w.org\/{rel}","templated":true}]}}